{"id":10535,"date":"2024-05-05T18:10:09","date_gmt":"2024-05-05T16:10:09","guid":{"rendered":"https:\/\/kettiricordi.com\/cookie-policy-eng-eng\/"},"modified":"2024-08-09T22:01:04","modified_gmt":"2024-08-09T20:01:04","slug":"legal-notice","status":"publish","type":"page","link":"https:\/\/kettiricordi.com\/es\/legal-notice\/","title":{"rendered":"Legal Notice &#8212; ENG"},"content":{"rendered":"<div data-elementor-type=\"wp-page\" data-elementor-id=\"10535\" class=\"elementor elementor-10535\" data-elementor-post-type=\"page\">\n\t\t\t\t<div class=\"elementor-element elementor-element-efb750c e-flex e-con-boxed e-con e-parent\" data-id=\"efb750c\" data-element_type=\"container\" data-e-type=\"container\">\n\t\t\t\t\t<div class=\"e-con-inner\">\n\t\t\t\t<div class=\"elementor-element elementor-element-c497ebc elementor-widget-divider--view-line elementor-widget elementor-widget-divider\" data-id=\"c497ebc\" data-element_type=\"widget\" data-e-type=\"widget\" data-settings=\"{&quot;artale_ext_link_sidemenu&quot;:&quot;false&quot;,&quot;artale_ext_link_fullmenu&quot;:&quot;false&quot;,&quot;artale_ext_link_closed_fullmenu&quot;:&quot;false&quot;,&quot;artale_ext_is_sticky&quot;:&quot;false&quot;,&quot;artale_ext_is_scrollme&quot;:&quot;false&quot;,&quot;artale_ext_is_smoove&quot;:&quot;false&quot;,&quot;artale_ext_is_parallax_mouse&quot;:&quot;false&quot;,&quot;artale_ext_is_infinite&quot;:&quot;false&quot;,&quot;artale_ext_is_fadeout_animation&quot;:&quot;false&quot;}\" data-widget_type=\"divider.default\">\n\t\t\t\t<div class=\"elementor-widget-container\">\n\t\t\t\t\t\t\t<div class=\"elementor-divider\">\n\t\t\t<span class=\"elementor-divider-separator\">\n\t\t\t\t\t\t<\/span>\n\t\t<\/div>\n\t\t\t\t\t\t<\/div>\n\t\t\t\t<\/div>\n\t\t\t\t\t<\/div>\n\t\t\t\t<\/div>\n\t\t<div class=\"elementor-element elementor-element-b622f5d e-flex e-con-boxed e-con e-parent\" data-id=\"b622f5d\" data-element_type=\"container\" data-e-type=\"container\">\n\t\t\t\t\t<div class=\"e-con-inner\">\n\t\t<div class=\"elementor-element elementor-element-34b3764 e-con-full e-flex e-con e-child\" data-id=\"34b3764\" data-element_type=\"container\" data-e-type=\"container\">\n\t\t\t\t<div class=\"elementor-element elementor-element-37ae998 elementor-widget elementor-widget-heading\" data-id=\"37ae998\" data-element_type=\"widget\" data-e-type=\"widget\" data-settings=\"{&quot;artale_ext_link_sidemenu&quot;:&quot;false&quot;,&quot;artale_ext_link_fullmenu&quot;:&quot;false&quot;,&quot;artale_ext_link_closed_fullmenu&quot;:&quot;false&quot;,&quot;artale_ext_is_sticky&quot;:&quot;false&quot;,&quot;artale_ext_is_scrollme&quot;:&quot;false&quot;,&quot;artale_ext_is_smoove&quot;:&quot;false&quot;,&quot;artale_ext_is_parallax_mouse&quot;:&quot;false&quot;,&quot;artale_ext_is_infinite&quot;:&quot;false&quot;,&quot;artale_ext_is_fadeout_animation&quot;:&quot;false&quot;}\" data-widget_type=\"heading.default\">\n\t\t\t\t<div class=\"elementor-widget-container\">\n\t\t\t\t\t<h1 class=\"elementor-heading-title elementor-size-default\">Aviso legal<\/h1>\t\t\t\t<\/div>\n\t\t\t\t<\/div>\n\t\t\t\t<\/div>\n\t\t<div class=\"elementor-element elementor-element-1879ec4 e-con-full e-flex e-con e-child\" data-id=\"1879ec4\" data-element_type=\"container\" data-e-type=\"container\">\n\t\t\t\t<div class=\"elementor-element elementor-element-93778b6 elementor-widget elementor-widget-text-editor\" data-id=\"93778b6\" data-element_type=\"widget\" data-e-type=\"widget\" data-settings=\"{&quot;artale_ext_link_sidemenu&quot;:&quot;false&quot;,&quot;artale_ext_link_fullmenu&quot;:&quot;false&quot;,&quot;artale_ext_link_closed_fullmenu&quot;:&quot;false&quot;,&quot;artale_ext_is_sticky&quot;:&quot;false&quot;,&quot;artale_ext_is_scrollme&quot;:&quot;false&quot;,&quot;artale_ext_is_smoove&quot;:&quot;false&quot;,&quot;artale_ext_is_parallax_mouse&quot;:&quot;false&quot;,&quot;artale_ext_is_infinite&quot;:&quot;false&quot;,&quot;artale_ext_is_fadeout_animation&quot;:&quot;false&quot;}\" data-widget_type=\"text-editor.default\">\n\t\t\t\t<div class=\"elementor-widget-container\">\n\t\t\t\t\t\t\t\t\t<p><strong>AVISO LEGAL<\/strong><br \/>\u00daltima actualizaci\u00f3n: 05 de mayo de 2024<\/p><p><b>DATOS IDENTIFICATIVOS Y DE CONTACTO DE LA PERSONA RESPONSABLE<\/b><br \/>MICHELE MARCHETTI, con domicilio en Carrer Taulat 75, 2-1, 08005, Barcelona, Espa\u00f1a con D.N.I. Y5231802Y, tel\u00e9fono de contacto: +34630323971 y correo electr\u00f3nico info@mikemarchetti.com.<\/p><p><b>AVISO LEGAL DEL SITIO WEB<\/b><br \/>La informaci\u00f3n proporcionada por Mike Marchetti Photography (&#8220;nosotros&#8221;, &#8220;nos&#8221; o &#8220;nuestro&#8221;) en http:\/\/www.kettiricordi.com (el &#8220;Sitio&#8221;) tiene \u00fanicamente fines informativos generales. Toda la informaci\u00f3n contenida en el Sitio se facilita de buena fe; sin embargo, no ofrecemos ning\u00fan tipo de garant\u00eda, expresa o impl\u00edcita, sobre la exactitud, adecuaci\u00f3n, validez, fiabilidad, disponibilidad o integridad de la informaci\u00f3n contenida en el Sitio. BAJO NINGUNA CIRCUNSTANCIA SEREMOS RESPONSABLES ANTE USTED POR CUALQUIER P\u00c9RDIDA O DA\u00d1O DE CUALQUIER TIPO INCURRIDOS COMO RESULTADO DEL USO DEL SITIO O DE LA CONFIANZA DEPOSITADA EN CUALQUIER INFORMACI\u00d3N PROPORCIONADA EN EL SITIO. EL USO QUE USTED HAGA DEL SITIO Y LA CONFIANZA QUE DEPOSITE EN LA INFORMACI\u00d3N CONTENIDA EN EL MISMO SON DE SU EXCLUSIVA RESPONSABILIDAD.<\/p><p><b>DESCARGO DE RESPONSABILIDAD SOBRE ENLACES EXTERNOS<\/b><br \/>El Sitio puede contener (o usted puede recibir a trav\u00e9s del Sitio) enlaces a otros sitios web o contenidos pertenecientes a terceros o procedentes de terceros, o enlaces a sitios web y funciones en banners u otro tipo de publicidad. No investigamos, supervisamos ni comprobamos la exactitud, adecuaci\u00f3n, validez, fiabilidad, disponibilidad o integridad de dichos enlaces externos. NO AVALAMOS, GARANTIZAMOS NI ASUMIMOS RESPONSABILIDAD ALGUNA POR LA EXACTITUD O FIABILIDAD DE LA INFORMACI\u00d3N OFRECIDA POR SITIOS WEB DE TERCEROS ENLAZADOS A TRAV\u00c9S DEL SITIO O POR CUALQUIER SITIO WEB O ELEMENTO ENLAZADO EN CUALQUIER BANNER U OTRO TIPO DE PUBLICIDAD. NO SEREMOS PARTE NI RESPONSABLES EN MODO ALGUNO DE LA SUPERVISI\u00d3N DE CUALQUIER TRANSACCI\u00d3N ENTRE USTED Y TERCEROS PROVEEDORES DE PRODUCTOS O SERVICIOS.<\/p><p><b>DESCARGO DE RESPONSABILIDAD PROFESIONAL<\/b><br \/>El Sitio no puede contener ni contiene asesoramiento fotogr\u00e1fico. La informaci\u00f3n fotogr\u00e1fica se proporciona \u00fanicamente con fines informativos y educativos y no sustituye al asesoramiento profesional. Por consiguiente, antes de emprender cualquier acci\u00f3n basada en dicha informaci\u00f3n, le recomendamos que consulte con los profesionales adecuados. No proporcionamos ning\u00fan tipo de asesoramiento fotogr\u00e1fico. EL USO O LA CONFIANZA DEPOSITADA EN CUALQUIER INFORMACI\u00d3N CONTENIDA EN EL SITIO CORRE EXCLUSIVAMENTE POR SU CUENTA Y RIESGO.<\/p><p><b>DESCARGO DE RESPONSABILIDAD SOBRE TESTIMONIOS<\/b><br \/><span style=\"font-size: 16px; text-align: var(--text-align); letter-spacing: var( --e-global-typography-text-letter-spacing );\">El Sitio puede contener testimonios de usuarios de nuestros productos y\/o servicios. Estos testimonios reflejan las experiencias y opiniones reales de dichos usuarios. Sin embargo, las experiencias son personales de esos usuarios en particular y no son necesariamente representativas de todos los usuarios de nuestros productos y\/o servicios. No pretendemos, y usted no debe asumir, que todos los usuarios tendr\u00e1n las mismas experiencias. SUS RESULTADOS INDIVIDUALES PUEDEN VARIAR.\u00a0<br \/><\/span><span style=\"font-size: 16px; text-align: var(--text-align); letter-spacing: var( --e-global-typography-text-letter-spacing );\">Los testimonios que aparecen en el Sitio se presentan en diversas formas, como texto, audio y\/o v\u00eddeo, y son revisados por nosotros antes de ser publicados. Aparecen en el Sitio textualmente, tal y como han sido presentados por los usuarios, a excepci\u00f3n de la correcci\u00f3n de errores gramaticales o tipogr\u00e1ficos. Algunos testimonios pueden haber sido acortados en aras de la brevedad cuando el testimonio completo conten\u00eda informaci\u00f3n superflua no relevante para el p\u00fablico en general.<br \/><\/span><span style=\"font-size: 16px; text-align: var(--text-align); letter-spacing: var( --e-global-typography-text-letter-spacing );\">Los puntos de vista y opiniones contenidos en los testimonios pertenecen exclusivamente al usuario individual y no reflejan nuestros puntos de vista y opiniones. No estamos afiliados con los usuarios que proporcionan testimonios, y los usuarios no son pagados o compensados por sus testimonios.<\/span><\/p>\t\t\t\t\t\t\t\t<\/div>\n\t\t\t\t<\/div>\n\t\t\t\t<\/div>\n\t\t\t\t\t<\/div>\n\t\t\t\t<\/div>\n\t\t\t\t<\/div>","protected":false},"excerpt":{"rendered":"","protected":false},"author":1,"featured_media":0,"parent":0,"menu_order":1,"comment_status":"closed","ping_status":"closed","template":"","meta":{"footnotes":""},"class_list":["post-10535","page","type-page","status-publish","hentry"],"yoast_head":"<!-- This site is optimized with the Yoast SEO plugin v27.3 - https:\/\/yoast.com\/product\/yoast-seo-wordpress\/ -->\n<title>Legal Notice - ENG - Kettiricordi | Aesthetic Documentary Wedding Photography<\/title>\n<meta name=\"robots\" content=\"index, follow, max-snippet:-1, max-image-preview:large, max-video-preview:-1\" \/>\n<link rel=\"canonical\" href=\"https:\/\/kettiricordi.com\/es\/en\/legal-notice\/\" \/>\n<meta property=\"og:locale\" content=\"es_ES\" \/>\n<meta property=\"og:type\" content=\"article\" \/>\n<meta property=\"og:title\" content=\"Legal Notice - ENG - Kettiricordi | Aesthetic Documentary Wedding Photography\" \/>\n<meta property=\"og:url\" content=\"https:\/\/kettiricordi.com\/es\/en\/legal-notice\/\" \/>\n<meta property=\"og:site_name\" content=\"Kettiricordi | Aesthetic Documentary Wedding Photography\" \/>\n<meta property=\"article:modified_time\" content=\"2024-08-09T20:01:04+00:00\" \/>\n<meta name=\"twitter:card\" content=\"summary_large_image\" \/>\n<meta name=\"twitter:label1\" content=\"Tiempo de lectura\" \/>\n\t<meta name=\"twitter:data1\" content=\"3 minutos\" \/>\n<script type=\"application\/ld+json\" class=\"yoast-schema-graph\">{\"@context\":\"https:\\\/\\\/schema.org\",\"@graph\":[{\"@type\":\"WebPage\",\"@id\":\"https:\\\/\\\/kettiricordi.com\\\/en\\\/legal-notice\\\/\",\"url\":\"https:\\\/\\\/kettiricordi.com\\\/en\\\/legal-notice\\\/\",\"name\":\"Legal Notice - ENG - Kettiricordi | Aesthetic Documentary Wedding Photography\",\"isPartOf\":{\"@id\":\"https:\\\/\\\/kettiricordi.com\\\/#website\"},\"datePublished\":\"2024-05-05T16:10:09+00:00\",\"dateModified\":\"2024-08-09T20:01:04+00:00\",\"breadcrumb\":{\"@id\":\"https:\\\/\\\/kettiricordi.com\\\/en\\\/legal-notice\\\/#breadcrumb\"},\"inLanguage\":\"es\",\"potentialAction\":[{\"@type\":\"ReadAction\",\"target\":[\"https:\\\/\\\/kettiricordi.com\\\/en\\\/legal-notice\\\/\"]}]},{\"@type\":\"BreadcrumbList\",\"@id\":\"https:\\\/\\\/kettiricordi.com\\\/en\\\/legal-notice\\\/#breadcrumb\",\"itemListElement\":[{\"@type\":\"ListItem\",\"position\":1,\"name\":\"Home\",\"item\":\"https:\\\/\\\/kettiricordi.com\\\/\"},{\"@type\":\"ListItem\",\"position\":2,\"name\":\"Legal Notice &#8212; ENG\"}]},{\"@type\":\"WebSite\",\"@id\":\"https:\\\/\\\/kettiricordi.com\\\/#website\",\"url\":\"https:\\\/\\\/kettiricordi.com\\\/\",\"name\":\"Kettiricordi | Aesthetic Documentary Wedding Photography\",\"description\":\"Wedding Photographer Barcelona\",\"publisher\":{\"@id\":\"https:\\\/\\\/kettiricordi.com\\\/#organization\"},\"potentialAction\":[{\"@type\":\"SearchAction\",\"target\":{\"@type\":\"EntryPoint\",\"urlTemplate\":\"https:\\\/\\\/kettiricordi.com\\\/?s={search_term_string}\"},\"query-input\":{\"@type\":\"PropertyValueSpecification\",\"valueRequired\":true,\"valueName\":\"search_term_string\"}}],\"inLanguage\":\"es\"},{\"@type\":\"Organization\",\"@id\":\"https:\\\/\\\/kettiricordi.com\\\/#organization\",\"name\":\"Kettiricordi | Aesthetic Documentary Wedding Photography\",\"url\":\"https:\\\/\\\/kettiricordi.com\\\/\",\"logo\":{\"@type\":\"ImageObject\",\"inLanguage\":\"es\",\"@id\":\"https:\\\/\\\/kettiricordi.com\\\/#\\\/schema\\\/logo\\\/image\\\/\",\"url\":\"https:\\\/\\\/kettiricordi.com\\\/wp-content\\\/uploads\\\/2024\\\/07\\\/KTR_Black.svg\",\"contentUrl\":\"https:\\\/\\\/kettiricordi.com\\\/wp-content\\\/uploads\\\/2024\\\/07\\\/KTR_Black.svg\",\"width\":256,\"height\":142,\"caption\":\"Kettiricordi | Aesthetic Documentary Wedding Photography\"},\"image\":{\"@id\":\"https:\\\/\\\/kettiricordi.com\\\/#\\\/schema\\\/logo\\\/image\\\/\"}}]}<\/script>\n<!-- \/ Yoast SEO plugin. -->","yoast_head_json":{"title":"Legal Notice - ENG - Kettiricordi | Aesthetic Documentary Wedding Photography","robots":{"index":"index","follow":"follow","max-snippet":"max-snippet:-1","max-image-preview":"max-image-preview:large","max-video-preview":"max-video-preview:-1"},"canonical":"https:\/\/kettiricordi.com\/es\/en\/legal-notice\/","og_locale":"es_ES","og_type":"article","og_title":"Legal Notice - ENG - Kettiricordi | Aesthetic Documentary Wedding Photography","og_url":"https:\/\/kettiricordi.com\/es\/en\/legal-notice\/","og_site_name":"Kettiricordi | Aesthetic Documentary Wedding Photography","article_modified_time":"2024-08-09T20:01:04+00:00","twitter_card":"summary_large_image","twitter_misc":{"Tiempo de lectura":"3 minutos"},"schema":{"@context":"https:\/\/schema.org","@graph":[{"@type":"WebPage","@id":"https:\/\/kettiricordi.com\/en\/legal-notice\/","url":"https:\/\/kettiricordi.com\/en\/legal-notice\/","name":"Legal Notice - ENG - Kettiricordi | Aesthetic Documentary Wedding Photography","isPartOf":{"@id":"https:\/\/kettiricordi.com\/#website"},"datePublished":"2024-05-05T16:10:09+00:00","dateModified":"2024-08-09T20:01:04+00:00","breadcrumb":{"@id":"https:\/\/kettiricordi.com\/en\/legal-notice\/#breadcrumb"},"inLanguage":"es","potentialAction":[{"@type":"ReadAction","target":["https:\/\/kettiricordi.com\/en\/legal-notice\/"]}]},{"@type":"BreadcrumbList","@id":"https:\/\/kettiricordi.com\/en\/legal-notice\/#breadcrumb","itemListElement":[{"@type":"ListItem","position":1,"name":"Home","item":"https:\/\/kettiricordi.com\/"},{"@type":"ListItem","position":2,"name":"Legal Notice &#8212; ENG"}]},{"@type":"WebSite","@id":"https:\/\/kettiricordi.com\/#website","url":"https:\/\/kettiricordi.com\/","name":"Kettiricordi | Aesthetic Documentary Wedding Photography","description":"Wedding Photographer Barcelona","publisher":{"@id":"https:\/\/kettiricordi.com\/#organization"},"potentialAction":[{"@type":"SearchAction","target":{"@type":"EntryPoint","urlTemplate":"https:\/\/kettiricordi.com\/?s={search_term_string}"},"query-input":{"@type":"PropertyValueSpecification","valueRequired":true,"valueName":"search_term_string"}}],"inLanguage":"es"},{"@type":"Organization","@id":"https:\/\/kettiricordi.com\/#organization","name":"Kettiricordi | Aesthetic Documentary Wedding Photography","url":"https:\/\/kettiricordi.com\/","logo":{"@type":"ImageObject","inLanguage":"es","@id":"https:\/\/kettiricordi.com\/#\/schema\/logo\/image\/","url":"https:\/\/kettiricordi.com\/wp-content\/uploads\/2024\/07\/KTR_Black.svg","contentUrl":"https:\/\/kettiricordi.com\/wp-content\/uploads\/2024\/07\/KTR_Black.svg","width":256,"height":142,"caption":"Kettiricordi | Aesthetic Documentary Wedding Photography"},"image":{"@id":"https:\/\/kettiricordi.com\/#\/schema\/logo\/image\/"}}]}},"_links":{"self":[{"href":"https:\/\/kettiricordi.com\/es\/wp-json\/wp\/v2\/pages\/10535","targetHints":{"allow":["GET"]}}],"collection":[{"href":"https:\/\/kettiricordi.com\/es\/wp-json\/wp\/v2\/pages"}],"about":[{"href":"https:\/\/kettiricordi.com\/es\/wp-json\/wp\/v2\/types\/page"}],"author":[{"embeddable":true,"href":"https:\/\/kettiricordi.com\/es\/wp-json\/wp\/v2\/users\/1"}],"replies":[{"embeddable":true,"href":"https:\/\/kettiricordi.com\/es\/wp-json\/wp\/v2\/comments?post=10535"}],"version-history":[{"count":0,"href":"https:\/\/kettiricordi.com\/es\/wp-json\/wp\/v2\/pages\/10535\/revisions"}],"wp:attachment":[{"href":"https:\/\/kettiricordi.com\/es\/wp-json\/wp\/v2\/media?parent=10535"}],"curies":[{"name":"wp","href":"https:\/\/api.w.org\/{rel}","templated":true}]}}